{"id":59,"date":"2016-02-22T22:16:16","date_gmt":"2016-02-22T22:16:16","guid":{"rendered":"http:\/\/note.ba\/?page_id=59"},"modified":"2017-04-06T16:43:43","modified_gmt":"2017-04-06T16:43:43","slug":"muzicka-radionica-note-1","status":"publish","type":"page","link":"https:\/\/note.ba\/index.php\/muzicka-radionica-note-1\/","title":{"rendered":"Muzi\u010dka radionica NoTE 1\/ Pred\u0161kolski uzrast"},"content":{"rendered":"<p>Muzi\u010dke\u00a0aktivnosti razvijaju sluh, osje\u0107aj za ritam, muzi\u010dku memoriju i muzi\u010dki ukus te muzikalnost kod pred\u0161kolskog djeteta. Razvijanje muzi\u010dkih sposobnosti jedna je od zada\u0107a u radu s pred\u0161kolskom djecom, tako da mi kao muzi\u010dka radionica u pred\u0161kolskoj ustanovi mo\u017eemo kod djece razvijati interesiranje za muziku, omogu\u0107iti djetetu otkrivanje bogatstva i ljepote svijeta zvukova, u\u010diti djecu da pjevaju i sviraju, da se kre\u0107u u ritmu muzike i sli\u010dno.<\/p>\n<p>Djeca pred\u0161kolskog uzrasta, ovisno o dobi, mogu upisati program muzi\u010dkog vrti\u0107a; sviranje gitare (mini \u2013 za djecu), klavijature, udaraljki, flaute,\u00a0zve\u010dki, zvonaca, \u010dinela i ostalih jednostavnijih instrumenata. Program muzi\u010dkog vrti\u0107a namijenjen je djeci pred\u0161kolskog uzrasta (od 3 do 6 godina).<\/p>\n<p>Djeca kroz igru, pjesmu, ples i crtanje na zabavan na\u010din razvijaju muzi\u010dki sluh, ritam i memoriju, upoznaju se s razli\u010ditim vrstama instrumenata, slu\u0161aju kratka djela klasi\u010dne muzike, izra\u0111uju instrumente, uvje\u017ebavaju kratke mjuzikle i sl.\u00a0Na\u0161 vaspita\u010d-predava\u010d \u0107e da obezbijedi povoljne uvjete za pa\u017eljivo slu\u0161anje muzike, za do\u017eivljavanje i analizu muzi\u010dkih djela, kao i da podsti\u010de djecu na muzi\u010dko stvarala\u0161tvo.<\/p>\n<p>Nakon zavr\u0161enog programa djeca prema vlastitom odabiru mogu nastaviti muzi\u010dko \u0161kolovanje tako sto \u0107e odabrati instrument za koji su najvi\u0161e zainteresovani i nastaviti u na\u0161oj muzi\u010dkoj radionici \u201eNote\u201c 2 .<\/p>\n<h4>Ciljevi Muzi\u010dke radionice su da dijete;<\/h4>\n<ul>\n<li>uo\u010dava i do\u017eivljava razli\u010dite zvukove i tonove;<\/li>\n<li>\u00a0usvaja i reprodukuje brojalice i jednostavne pjesme;<\/li>\n<li>\u00a0izra\u017eava muzi\u010dki do\u017eivljaj (pokret, likovne aktivnosti, razgovor);<\/li>\n<li>\u00a0prepoznaje pravilno odsvirane ili otpjevane pjesme (melodije);<\/li>\n<li>\u00a0kreativno se izra\u017eava kroz muzi\u010dke aktivnosti;<\/li>\n<li>\u00a0muzi\u010dki se izra\u017eava sviranjem na dje\u010dijim instrumentima;<\/li>\n<li>\u00a0razvijanje samopouzdanja pri javnim nastupima<\/li>\n<\/ul>\n<p>Krajnji ciljevi ovog podru\u010dja aktivnosti su: razvijanje muzikalnosti, stvaranje pozitivnog odnosa prema muzici, sudjelovanje u individualnom i grupnom muziciranju i oblikovanju muzi\u010dkog ukusa kao i daljnje \u0161kolovanje \/ muzi\u010dko obrazovanje.<\/p>\n","protected":false},"excerpt":{"rendered":"<p>Muzi\u010dke\u00a0aktivnosti razvijaju sluh, osje\u0107aj za ritam, muzi\u010dku memoriju i muzi\u010dki ukus te muzikalnost kod pred\u0161kolskog djeteta. Razvijanje muzi\u010dkih sposobnosti jedna je od zada\u0107a u radu s pred\u0161kolskom djecom, tako da mi kao muzi\u010dka radionica u pred\u0161kolskoj ustanovi mo\u017eemo kod djece razvijati interesiranje za muziku, omogu\u0107iti djetetu otkrivanje bogatstva i ljepote svijeta zvukova, u\u010diti djecu da [&hellip;]<\/p>\n","protected":false},"author":1,"featured_media":0,"parent":0,"menu_order":0,"comment_status":"closed","ping_status":"closed","template":"","meta":{"footnotes":""},"class_list":["post-59","page","type-page","status-publish","czr-hentry"],"_links":{"self":[{"href":"https:\/\/note.ba\/index.php\/wp-json\/wp\/v2\/pages\/59","targetHints":{"allow":["GET"]}}],"collection":[{"href":"https:\/\/note.ba\/index.php\/wp-json\/wp\/v2\/pages"}],"about":[{"href":"https:\/\/note.ba\/index.php\/wp-json\/wp\/v2\/types\/page"}],"author":[{"embeddable":true,"href":"https:\/\/note.ba\/index.php\/wp-json\/wp\/v2\/users\/1"}],"replies":[{"embeddable":true,"href":"https:\/\/note.ba\/index.php\/wp-json\/wp\/v2\/comments?post=59"}],"version-history":[{"count":7,"href":"https:\/\/note.ba\/index.php\/wp-json\/wp\/v2\/pages\/59\/revisions"}],"predecessor-version":[{"id":433,"href":"https:\/\/note.ba\/index.php\/wp-json\/wp\/v2\/pages\/59\/revisions\/433"}],"wp:attachment":[{"href":"https:\/\/note.ba\/index.php\/wp-json\/wp\/v2\/media?parent=59"}],"curies":[{"name":"wp","href":"https:\/\/api.w.org\/{rel}","templated":true}]}}