{"id":14,"date":"2016-02-22T21:46:36","date_gmt":"2016-02-22T21:46:36","guid":{"rendered":"http:\/\/note.ba\/?page_id=14"},"modified":"2017-04-06T16:21:09","modified_gmt":"2017-04-06T16:21:09","slug":"o-nama","status":"publish","type":"page","link":"https:\/\/note.ba\/index.php\/o-nama\/","title":{"rendered":"O NAMA"},"content":{"rendered":"<p>UG Muzi\u010dka radionica \u201eNote\u201c registrovana je u februaru 2013. godine. Sjedi\u0161te radionice je u ulici Terezija bb (Skenderija) u Sarajevu. Na\u0161i programi rada su odobreni od strane Ministarstva za obrazovanje, nauku i mlade<\/p>\n<p>Kantona Sarajevo, te smo od njih preporu\u010deni kao izvannastavna aktivnost u osnovnim \u0161kolama i vrti\u0107ima.<\/p>\n<p>Muzi\u010dka radionica \u201eNote\u201c usmjerena je na:<\/p>\n<p>1.Stru\u010dno muzi\u010dko obrazovanje \/usavr\u0161avanje\/ djece pred\u0161kolskog i \u0161kolskog uzrasta<\/p>\n<p>2.\u00a0Pronalazak talenata kroz muzi\u010dke radionice i usmjeravanje djece u muzi\u010dke \u0161kole<\/p>\n<p>3.\u00a0Opismenjavanja djece \/razvijanje psihi\u010dkih sposobnosti<\/p>\n<p>4.\u00a0Socijalizacija<\/p>\n<p>5.\u00a0Pomo\u0107 djeci s posebnim potrebama (inkluzivna nastava)<\/p>\n<p>Cilj Muzi\u010dke radionice \u201eNote\u201c:<\/p>\n<ul>\n<li>\u00a0Pribli\u017eiti muziku djetetu i probuditi u njemu umjetni\u010dko stvarala\u0161tvo kroz igru i edukaciju, pribli\u017eiti djeci kroz ovaj vid umjetnosti muziku i omogu\u0107iti djeci izbor:<\/li>\n<li>stru\u010dnog usmjeravanja<\/li>\n<li>muzike kao hobija<\/li>\n<li>stvaranja publike za kulturno-umjetni\u010dke pravce (za pozori\u0161ta i mjuzikle), jer smo svjedoci zatvaranja kulturno- umjetni\u010dkih ustanova (muzeja, pozori\u0161ta itd.), a razlog je plasiranje muzi\u010dkog korova kroz medije i nedovoljna edukacija od ranog djetinjstva, kao i nedovoljno pru\u017eanje informacija i mogu\u0107nosti djetetu da se upozna smuzikom i instrumentima<\/li>\n<li>podi\u0107i nivo obrazovanja i intelekta kroz ovaj vid umjetnosti i unaprijediti intelektualnu strukturu dru\u0161tva, te je podi\u0107i na nivo kulture koji i zaslu\u017euje<\/li>\n<li>saradnja sa institucijama i organizacijama koje podsti\u010du i afirmi\u0161u razvoj muzi\u010dke kulture kod mladih<\/li>\n<li>saradnja s visoko \u0161kolskim institucijama iz oblasti kulture u zemlji i inostranstvu<\/li>\n<li>razvoj muzi\u010dkog segmenta kao va\u017ene kulturne ponude na\u0161eg grada<\/li>\n<li>kvalitetna i profesionalna saznanja o ovakvom radu<\/li>\n<li>profilisanost kadrova u muzi\u010dkim \u0161kolama<\/li>\n<li>edukacija i usmjeravanje mladih ljudi u pozitivne tokove \u017eivota i dru\u017eenja.<\/li>\n<\/ul>\n<h4>Ciljevi nastavnih satova:<\/h4>\n<p>Odgojni:<\/p>\n<ul>\n<li>\u00a0usavr\u0161avanje radnih navika,<\/li>\n<li>\u00a0usvajanje estetskih vrijednosti, razvijanje moralnih stavova;<\/li>\n<li>\u00a0razvijanje radnih navika, razvijanje motivacije i volje za vje\u017ebanjem,<\/li>\n<li>\u00a0izgra\u0111ivanje u\u010denikove li\u010dnosti,<\/li>\n<li>\u00a0razvijanje takmi\u010darskog duha me\u0111u u\u010denicima, razvijanje vje\u0161tina i navika;<\/li>\n<li>\u00a0razvijanje savjesnost i samostalnost u radu,<\/li>\n<li>\u00a0izgra\u0111ivanje pozitivnih svojstava li\u010dnosti: upornost, sistemati\u010dnost, odgovornost, ta\u010dnost, urednost<\/li>\n<li>\u00a0razvijanje ljubavi prema muzici<\/li>\n<li>\u00a0razvijanje samostalnosti u radu, ali i smisla za zajedni\u0161tvo i saradnju kroz rad u grupi<\/li>\n<li>\u00a0razvijanje upornosti i odgovornosti<\/li>\n<li>\u00a0izgradnja u\u010denikove li\u010dnosti kroz njegovanje moralnih stavova, pogleda na \u017eivot i svijet, usvajanje moralnih, estetskih i radnih vrijednosti i navika.<\/li>\n<\/ul>\n<h4>Obrazovni:<\/h4>\n<ul>\n<li>ovladavanje prethodnom nastavnom jedinkom<\/li>\n<li>\u00a0usvajanje novih pojmova i termina<\/li>\n<li>\u00a0sistemati\u010dno uvo\u0111enje u svijet umjetnosti i svijet muzi\u010dke kulture<\/li>\n<li>\u00a0upoznati se s dinami\u010dkim oznakama: cresc. decresc., p, mp, f i mf.<\/li>\n<li>\u00a0usvajanje znanja, usvajanje novih pojmova i termina, sistemati\u010dno uvo\u0111enje u svijet umjetnosti i svijet muzi\u010dke kulture.<\/li>\n<\/ul>\n<h4>Funkcionalni:<\/h4>\n<ul>\n<li>\u00a0razvijanje sposobnosti \u010ditanja s lista<\/li>\n<li>\u00a0razvijanje ritmi\u010dke stabilnosti<\/li>\n<li>\u00a0razvijanje prakti\u010dkih, intelektualnih i izra\u017eajnih sposobnosti kod u\u010denika;<\/li>\n<li>\u00a0razvijanje interesa i stvarala\u010dke sposobnosti<\/li>\n<li>\u00a0razvijanje kreativnosti u\u010denika<\/li>\n<li>\u00a0razvijanje percepcije, ma\u0161te i pam\u0107enja<\/li>\n<li>\u00a0razvijanje smisla za logi\u010dko povezivanje<\/li>\n<li>\u00a0osposobljavanje u\u010denika za logi\u010dko zaklju\u010divanje<\/li>\n<li>\u00a0podsticanje radoznalosti<\/li>\n<li>\u00a0razvijanje motorike<\/li>\n<li>\u00a0osposobljavanje u\u010denika za stvarala\u010dku primjenu ste\u010denih znanja.<\/li>\n<\/ul>\n","protected":false},"excerpt":{"rendered":"<p>UG Muzi\u010dka radionica \u201eNote\u201c registrovana je u februaru 2013. godine. Sjedi\u0161te radionice je u ulici Terezija bb (Skenderija) u Sarajevu. Na\u0161i programi rada su odobreni od strane Ministarstva za obrazovanje, nauku i mlade Kantona Sarajevo, te smo od njih preporu\u010deni kao izvannastavna aktivnost u osnovnim \u0161kolama i vrti\u0107ima. Muzi\u010dka radionica \u201eNote\u201c usmjerena je na: 1.Stru\u010dno [&hellip;]<\/p>\n","protected":false},"author":1,"featured_media":350,"parent":0,"menu_order":0,"comment_status":"closed","ping_status":"closed","template":"","meta":{"footnotes":""},"class_list":["post-14","page","type-page","status-publish","has-post-thumbnail","czr-hentry"],"_links":{"self":[{"href":"https:\/\/note.ba\/index.php\/wp-json\/wp\/v2\/pages\/14","targetHints":{"allow":["GET"]}}],"collection":[{"href":"https:\/\/note.ba\/index.php\/wp-json\/wp\/v2\/pages"}],"about":[{"href":"https:\/\/note.ba\/index.php\/wp-json\/wp\/v2\/types\/page"}],"author":[{"embeddable":true,"href":"https:\/\/note.ba\/index.php\/wp-json\/wp\/v2\/users\/1"}],"replies":[{"embeddable":true,"href":"https:\/\/note.ba\/index.php\/wp-json\/wp\/v2\/comments?post=14"}],"version-history":[{"count":5,"href":"https:\/\/note.ba\/index.php\/wp-json\/wp\/v2\/pages\/14\/revisions"}],"predecessor-version":[{"id":427,"href":"https:\/\/note.ba\/index.php\/wp-json\/wp\/v2\/pages\/14\/revisions\/427"}],"wp:featuredmedia":[{"embeddable":true,"href":"https:\/\/note.ba\/index.php\/wp-json\/wp\/v2\/media\/350"}],"wp:attachment":[{"href":"https:\/\/note.ba\/index.php\/wp-json\/wp\/v2\/media?parent=14"}],"curies":[{"name":"wp","href":"https:\/\/api.w.org\/{rel}","templated":true}]}}