{"id":123,"date":"2016-03-02T19:53:50","date_gmt":"2016-03-02T19:53:50","guid":{"rendered":"http:\/\/note.ba\/?page_id=123"},"modified":"2016-03-08T13:00:31","modified_gmt":"2016-03-08T13:00:31","slug":"djeciji-dan","status":"publish","type":"page","link":"https:\/\/note.ba\/index.php\/djeciji-dan\/","title":{"rendered":"DJE\u010cIJI DAN"},"content":{"rendered":"<h2 style=\"text-align: center;\"><strong>Dje\u010dji\u00a0dan\u00a0<\/strong><\/h2>\n<h3 style=\"text-align: center;\"><span style=\"font-weight: 400;\"><br \/>\n<\/span><strong><i>&#8220;Sre\u0107a i radost od glave do pete Note i Osmjeh za svako\u00a0dijete&#8221;<\/i><\/strong><\/h3>\n<p style=\"text-align: center;\"><figure class=\"wp-block-embed wp-block-embed-youtube is-type-video is-provider-youtube epyt-figure\"><div class=\"wp-block-embed__wrapper\"><iframe loading=\"lazy\"  id=\"_ytid_47850\"  width=\"1170\" height=\"878\"  data-origwidth=\"1170\" data-origheight=\"878\"  data-relstop=\"1\" src=\"https:\/\/www.youtube.com\/embed\/Zh_ckYBrMsg?enablejsapi=1&autoplay=0&cc_load_policy=0&cc_lang_pref=&iv_load_policy=1&loop=0&rel=0&fs=1&playsinline=0&autohide=2&theme=dark&color=red&controls=1&disablekb=0&\" class=\"__youtube_prefs__  no-lazyload\" title=\"YouTube player\"  allow=\"fullscreen; accelerometer; autoplay; clipboard-write; encrypted-media; gyroscope; picture-in-picture; web-share\" referrerpolicy=\"strict-origin-when-cross-origin\" allowfullscreen data-no-lazy=\"1\" data-skipgform_ajax_framebjll=\"\"><\/iframe><\/div><\/figure><\/p>\n<p><span style=\"font-weight: 400;\">Dje\u010dji dan je interaktivna zabava koja ima za cilj;\u00a0<\/span><\/p>\n<ol>\n<li style=\"font-weight: 400; text-align: justify;\"><span style=\"font-weight: 400;\">Edukacija i zabava<\/span><\/li>\n<li style=\"font-weight: 400; text-align: justify;\"><span style=\"font-weight: 400;\">Razvoj osnovnih vje\u0161tina, <\/span><\/li>\n<li style=\"font-weight: 400; text-align: justify;\"><span style=\"font-weight: 400;\">Socijalizacija djece \u2013 (rad u grupi)<\/span><\/li>\n<li style=\"font-weight: 400; text-align: justify;\"><span style=\"font-weight: 400;\">Interaktivno u\u010denje kao podloga budu\u0107eg razvoja djece u obrazovanju, <\/span><\/li>\n<li style=\"font-weight: 400; text-align: justify;\"><span style=\"font-weight: 400;\">Inkluzija, implementacija inkluzije kroz edukativnu zabavu (podizanja svijesti i razumijevanja potreba djece sa pote\u0161ko\u0107ama u razvoju)<\/span><\/li>\n<li style=\"font-weight: 400; text-align: justify;\"><span style=\"font-weight: 400;\">Pribli\u017eiti umjetnost djeci kroz multi-art radionice<\/span><\/li>\n<\/ol>\n<p><span style=\"font-weight: 400;\">Program se bazira na 10 razli\u010ditih radionica (muzi\u010dke, likovne, multiart radionice, sportske itd..) koje \u0107e imati zadatak da interaktivno djeluju u grupama po 10 djece i da svakih 20 minuta mijenjaju grupe kako bi \u0161to ve\u0107i broj djece u\u010destvovao u radionicama koje ukupno traju 180 minuta, a koje djeca prethodno izaberu.<\/span><span style=\"font-weight: 400;\"><br \/>\n<\/span><span style=\"font-weight: 400;\">Poseban program u sklopu dje\u010djeg dana se organizuje na mini stage-u gdje u\u010destvuju sva udru\u017eenja, \u0161kole i pred\u0161kolske ustanove koje su se prijavile i pripremile nastup kojim prezentuju svoj rad a kroz razne sekcije (dramske, plesne, hor, orkestri&#8230;)<\/span><\/p>\n<p>&nbsp;<\/p>\n","protected":false},"excerpt":{"rendered":"<p>Dje\u010dji\u00a0dan\u00a0 &#8220;Sre\u0107a i radost od glave do pete Note i Osmjeh za svako\u00a0dijete&#8221; Dje\u010dji dan je interaktivna zabava koja ima za cilj;\u00a0 Edukacija i zabava Razvoj osnovnih vje\u0161tina, Socijalizacija djece \u2013 (rad u grupi) Interaktivno u\u010denje kao podloga budu\u0107eg razvoja djece u obrazovanju, Inkluzija, implementacija inkluzije kroz edukativnu zabavu (podizanja svijesti i razumijevanja potreba djece [&hellip;]<\/p>\n","protected":false},"author":1,"featured_media":0,"parent":0,"menu_order":0,"comment_status":"closed","ping_status":"closed","template":"","meta":{"footnotes":""},"class_list":["post-123","page","type-page","status-publish","czr-hentry"],"_links":{"self":[{"href":"https:\/\/note.ba\/index.php\/wp-json\/wp\/v2\/pages\/123","targetHints":{"allow":["GET"]}}],"collection":[{"href":"https:\/\/note.ba\/index.php\/wp-json\/wp\/v2\/pages"}],"about":[{"href":"https:\/\/note.ba\/index.php\/wp-json\/wp\/v2\/types\/page"}],"author":[{"embeddable":true,"href":"https:\/\/note.ba\/index.php\/wp-json\/wp\/v2\/users\/1"}],"replies":[{"embeddable":true,"href":"https:\/\/note.ba\/index.php\/wp-json\/wp\/v2\/comments?post=123"}],"version-history":[{"count":4,"href":"https:\/\/note.ba\/index.php\/wp-json\/wp\/v2\/pages\/123\/revisions"}],"predecessor-version":[{"id":209,"href":"https:\/\/note.ba\/index.php\/wp-json\/wp\/v2\/pages\/123\/revisions\/209"}],"wp:attachment":[{"href":"https:\/\/note.ba\/index.php\/wp-json\/wp\/v2\/media?parent=123"}],"curies":[{"name":"wp","href":"https:\/\/api.w.org\/{rel}","templated":true}]}}