{"id":119,"date":"2016-02-28T11:35:48","date_gmt":"2016-02-28T11:35:48","guid":{"rendered":"http:\/\/note.ba\/?page_id=119"},"modified":"2017-04-06T16:48:52","modified_gmt":"2017-04-06T16:48:52","slug":"muzicka-radionica-note-3-muzikoterapija-predskolski-i-skolski-uzrast","status":"publish","type":"page","link":"https:\/\/note.ba\/index.php\/muzicka-radionica-note-3-muzikoterapija-predskolski-i-skolski-uzrast\/","title":{"rendered":"Muzi\u010dka radionica NoTE 3 &#8211; Muzikoterapija \/ pred\u0161kolski i \u0161kolski uzrast"},"content":{"rendered":"<p>Muzikoterapija ima \u0161irok niz primjena i potrebna je kao savremeni model u radu s djecom s pote\u0161ko\u0107ama u razvoju. Muzikoterapija potje\u010de cjelokupan razvoj djeteta, utje\u010de na pojedina razvojna podru\u010dja, bilo da se radi o razvoju govora, op\u0107oj fizi\u010dkoj koordinaciji, socijalnoj i emocionalnoj interakciji kao i kognitivnim i psiholo\u0161kim ciljevima, poma\u017eu\u0107i da dostignu i odr\u017ee maksimalan nivo funkcioniranja.<\/p>\n<p>Muzikoterapeut postavlja ciljeve na individualnoj osnovi, ovisno o problemu, biraju\u0107i specifi\u010dne aktivnosti i vje\u017ebe kako bi se do\u0161lo do napredovanja. Primarni cilj je pobolj\u0161ati djetetov nivo funcioniranja. Ciljevi mogu uklju\u010divati razvoj komunikacije, kognitivne, motori\u010dke, emocionalne i socijalne vje\u0161tine<\/p>\n","protected":false},"excerpt":{"rendered":"<p>Muzikoterapija ima \u0161irok niz primjena i potrebna je kao savremeni model u radu s djecom s pote\u0161ko\u0107ama u razvoju. Muzikoterapija potje\u010de cjelokupan razvoj djeteta, utje\u010de na pojedina razvojna podru\u010dja, bilo da se radi o razvoju govora, op\u0107oj fizi\u010dkoj koordinaciji, socijalnoj i emocionalnoj interakciji kao i kognitivnim i psiholo\u0161kim ciljevima, poma\u017eu\u0107i da dostignu i odr\u017ee maksimalan [&hellip;]<\/p>\n","protected":false},"author":1,"featured_media":100,"parent":0,"menu_order":0,"comment_status":"closed","ping_status":"closed","template":"","meta":{"footnotes":""},"class_list":["post-119","page","type-page","status-publish","has-post-thumbnail","czr-hentry"],"_links":{"self":[{"href":"https:\/\/note.ba\/index.php\/wp-json\/wp\/v2\/pages\/119","targetHints":{"allow":["GET"]}}],"collection":[{"href":"https:\/\/note.ba\/index.php\/wp-json\/wp\/v2\/pages"}],"about":[{"href":"https:\/\/note.ba\/index.php\/wp-json\/wp\/v2\/types\/page"}],"author":[{"embeddable":true,"href":"https:\/\/note.ba\/index.php\/wp-json\/wp\/v2\/users\/1"}],"replies":[{"embeddable":true,"href":"https:\/\/note.ba\/index.php\/wp-json\/wp\/v2\/comments?post=119"}],"version-history":[{"count":3,"href":"https:\/\/note.ba\/index.php\/wp-json\/wp\/v2\/pages\/119\/revisions"}],"predecessor-version":[{"id":436,"href":"https:\/\/note.ba\/index.php\/wp-json\/wp\/v2\/pages\/119\/revisions\/436"}],"wp:featuredmedia":[{"embeddable":true,"href":"https:\/\/note.ba\/index.php\/wp-json\/wp\/v2\/media\/100"}],"wp:attachment":[{"href":"https:\/\/note.ba\/index.php\/wp-json\/wp\/v2\/media?parent=119"}],"curies":[{"name":"wp","href":"https:\/\/api.w.org\/{rel}","templated":true}]}}